{"id":7487,"date":"2025-12-10T07:19:30","date_gmt":"2025-12-10T07:19:30","guid":{"rendered":"https:\/\/www.dr-seabert.de\/?page_id=7487"},"modified":"2025-12-11T15:29:14","modified_gmt":"2025-12-11T15:29:14","slug":"offene-stellen","status":"publish","type":"page","link":"https:\/\/www.dr-seabert.de\/en\/offene-stellen\/","title":{"rendered":"Offene Stellen"},"content":{"rendered":"\t\t<div data-elementor-type=\"wp-page\" data-elementor-id=\"7487\" class=\"elementor elementor-7487\">\n\t\t\t\t\t\t<section class=\"elementor-section elementor-top-section elementor-element elementor-element-836f4c3 elementor-section-boxed elementor-section-height-default elementor-section-height-default\" data-id=\"836f4c3\" data-element_type=\"section\" data-e-type=\"section\">\n\t\t\t\t\t\t<div class=\"elementor-container elementor-column-gap-default\">\n\t\t\t\t\t<div class=\"elementor-column elementor-col-100 elementor-top-column elementor-element elementor-element-f93b68f\" data-id=\"f93b68f\" data-element_type=\"column\" data-e-type=\"column\">\n\t\t\t<div class=\"elementor-widget-wrap elementor-element-populated\">\n\t\t\t\t\t\t<div class=\"elementor-element elementor-element-7754ec2 elementor-widget elementor-widget-text-editor\" data-id=\"7754ec2\" data-element_type=\"widget\" data-e-type=\"widget\" data-widget_type=\"text-editor.default\">\n\t\t\t\t<div class=\"elementor-widget-container\">\n\t\t\t\t\t\t\t\t\t<h1>Fach\u00e4rztin\/Facharzt (m\/w\/d) f\u00fcr Gyn\u00e4kologie und Geburtshilfe<\/h1><p>Vollzeit oder Teilzeit<\/p><h2>Das zeichnet Sie aus \u2013 Ihr Beitrag zum Team<\/h2><ul><li>Sie sind Fach\u00e4rztin\/Facharzt (m\/w\/d) f\u00fcr Gyn\u00e4kologie und Geburtshilfe<\/li><li>Erfahrungen in einer Praxis\/in einem MVZ sind von Vorteil<\/li><li>Vorkenntnisse in der Senologie inkl. Mammasonographie sind von Vorteil, jedoch keine Bedingung<\/li><li>Sie verf\u00fcgen \u00fcber eine hohe soziale Kompetenz und \u00fcbernehmen gerne Verantwortung<\/li><li>Teamarbeit geh\u00f6rt zu Ihren St\u00e4rken<\/li><\/ul><h2>Ihr Arbeitsalltag bei uns \u2013 vielf\u00e4ltig &amp; spannend<\/h2><ul><li>Eigenverantwortliche ambulante Patientenversorgung (z. B. Schwangerenbetreuung, komplettes Spektrum der gyn\u00e4kologischen Vorsorge und Nachsorge)<\/li><li>Aufbau einer eigenen Spezialsprechstunde m\u00f6glich, je nach Fokus, gerne in der Senologie<\/li><li>Enge Kooperation mit den \u00c4rzten des St. Josefs-Hospital Wiesbaden<\/li><li>Auf Wunsch sind ambulante u.\/o. stat. OP-Kapazit\u00e4t v. a. in der Mammachirurgie denkbar<\/li><li>Engagement, die Praxis zukunftsorientiert zu entwickeln und zu gestalten<\/li><li>Auf Wunsch ist auch die Kombination mit einer Teilzeitanstellung in der Frauenklinik des St. Josefs-Hospital Wiesbaden m\u00f6glich<\/li><\/ul><h2>Wir bieten Ihnen<\/h2><ul><li>Fundierte Weiterbildung in der Senologie (konservativ und operativ)<\/li><li>DEGUM-II-Erwerb Mamma-Sonografie m\u00f6glich<\/li><li>Eine attraktive Verg\u00fctung, in der die individuelle Berufserfahrung sowie spezielle Kenntnisse angemessene Ber\u00fccksichtigung finden. Details besprechen wir gerne pers\u00f6nlich mit Ihnen<\/li><li>Ein unbefristetes Arbeitsverh\u00e4ltnis<\/li><li>Eine betriebliche Altersversorgung sowie die M\u00f6glichkeit der zus\u00e4tzlichen privaten Rentenvorsorge<\/li><li>Zuschuss zum Deutschlandticket<\/li><li>Betriebliche Gesundheitsf\u00f6rderung<\/li><\/ul>\t\t\t\t\t\t\t\t<\/div>\n\t\t\t\t<\/div>\n\t\t\t\t<div class=\"elementor-element elementor-element-2555db5 elementor-widget elementor-widget-text-editor\" data-id=\"2555db5\" data-element_type=\"widget\" data-e-type=\"widget\" data-widget_type=\"text-editor.default\">\n\t\t\t\t<div class=\"elementor-widget-container\">\n\t\t\t\t\t\t\t\t\t<h2>Ihr Kontakt zu uns\u2009\u2013\u2009wir freuen uns auf Sie<\/h2>\t\t\t\t\t\t\t\t<\/div>\n\t\t\t\t<\/div>\n\t\t\t\t<div class=\"elementor-element elementor-element-3918590 elementor-widget elementor-widget-text-editor\" data-id=\"3918590\" data-element_type=\"widget\" data-e-type=\"widget\" data-widget_type=\"text-editor.default\">\n\t\t\t\t<div class=\"elementor-widget-container\">\n\t\t\t\t\t\t\t\t\t<p>JOHO MVZ Wiesbaden-City<br \/>An den Quellen 1<br \/>65183 Wiesbaden<br \/>E-MAIL: <a href=\"mailto:info@dr-seabert.de\">info@dr-seabert.de<\/a><\/p>\t\t\t\t\t\t\t\t<\/div>\n\t\t\t\t<\/div>\n\t\t\t\t<div class=\"elementor-element elementor-element-672c852 elementor-widget-divider--view-line elementor-widget elementor-widget-divider\" data-id=\"672c852\" data-element_type=\"widget\" data-e-type=\"widget\" data-widget_type=\"divider.default\">\n\t\t\t\t<div class=\"elementor-widget-container\">\n\t\t\t\t\t\t\t<div class=\"elementor-divider\">\n\t\t\t<span class=\"elementor-divider-separator\">\n\t\t\t\t\t\t<\/span>\n\t\t<\/div>\n\t\t\t\t\t\t<\/div>\n\t\t\t\t<\/div>\n\t\t\t\t<div class=\"elementor-element elementor-element-ebd41ab elementor-widget elementor-widget-button\" data-id=\"ebd41ab\" data-element_type=\"widget\" data-e-type=\"widget\" data-widget_type=\"button.default\">\n\t\t\t\t<div class=\"elementor-widget-container\">\n\t\t\t\t\t\t\t\t\t<div class=\"elementor-button-wrapper\">\n\t\t\t\t\t<a class=\"elementor-button elementor-size-sm\" role=\"button\" id=\"drucken\">\n\t\t\t\t\t\t<span class=\"elementor-button-content-wrapper\">\n\t\t\t\t\t\t<span class=\"elementor-button-icon\">\n\t\t\t\t<i aria-hidden=\"true\" class=\"fas fa-print\"><\/i>\t\t\t<\/span>\n\t\t\t\t\t\t\t\t\t<span class=\"elementor-button-text\">Ausdrucken<\/span>\n\t\t\t\t\t<\/span>\n\t\t\t\t\t<\/a>\n\t\t\t\t<\/div>\n\t\t\t\t\t\t\t\t<\/div>\n\t\t\t\t<\/div>\n\t\t\t\t<div class=\"elementor-element elementor-element-bb7406a elementor-widget elementor-widget-html\" data-id=\"bb7406a\" data-element_type=\"widget\" data-e-type=\"widget\" data-widget_type=\"html.default\">\n\t\t\t\t<div class=\"elementor-widget-container\">\n\t\t\t\t\t<script>\ndocument.addEventListener(\"DOMContentLoaded\", function () {\n  var btn = document.getElementById(\"drucken\");\n  if (btn) {\n    btn.addEventListener(\"click\", function (e) {\n      e.preventDefault();\n      var pdfUrl = \"https:\/\/www.dr-seabert.de\/wp-content\/uploads\/2025\/12\/2025_12_Stellenausschreibung-FachaerztinFacharzt-Gynaekologie-1.pdf\";\n      var printWindow = window.open(pdfUrl);\n      printWindow.onload = function () {\n        printWindow.print();\n      };\n    });\n  }\n});\n<\/script>\n\t\t\t\t<\/div>\n\t\t\t\t<\/div>\n\t\t\t\t\t<\/div>\n\t\t<\/div>\n\t\t\t\t\t<\/div>\n\t\t<\/section>\n\t\t\t\t<\/div>\n\t\t","protected":false},"excerpt":{"rendered":"<p>Fach\u00e4rztin\/Facharzt (m\/w\/d) f\u00fcr Gyn\u00e4kologie und Geburtshilfe Vollzeit oder Teilzeit Das zeichnet Sie aus \u2013 Ihr Beitrag zum Team Sie sind Fach\u00e4rztin\/Facharzt (m\/w\/d) f\u00fcr Gyn\u00e4kologie und Geburtshilfe Erfahrungen in einer Praxis\/in einem MVZ sind von Vorteil Vorkenntnisse in der Senologie inkl. Mammasonographie sind von Vorteil, jedoch &#8230;<br \/><a class=\"read-more-link btn btn-outline-secondary\" href=\"https:\/\/www.dr-seabert.de\/en\/offene-stellen\/\">Read more<\/a><\/p>\n","protected":false},"author":2,"featured_media":0,"parent":0,"menu_order":0,"comment_status":"closed","ping_status":"closed","template":"","meta":{"footnotes":""},"categories":[57],"tags":[],"class_list":["post-7487","page","type-page","status-publish","hentry","category-offene-stellen"],"_links":{"self":[{"href":"https:\/\/www.dr-seabert.de\/en\/wp-json\/wp\/v2\/pages\/7487","targetHints":{"allow":["GET"]}}],"collection":[{"href":"https:\/\/www.dr-seabert.de\/en\/wp-json\/wp\/v2\/pages"}],"about":[{"href":"https:\/\/www.dr-seabert.de\/en\/wp-json\/wp\/v2\/types\/page"}],"author":[{"embeddable":true,"href":"https:\/\/www.dr-seabert.de\/en\/wp-json\/wp\/v2\/users\/2"}],"replies":[{"embeddable":true,"href":"https:\/\/www.dr-seabert.de\/en\/wp-json\/wp\/v2\/comments?post=7487"}],"version-history":[{"count":59,"href":"https:\/\/www.dr-seabert.de\/en\/wp-json\/wp\/v2\/pages\/7487\/revisions"}],"predecessor-version":[{"id":7582,"href":"https:\/\/www.dr-seabert.de\/en\/wp-json\/wp\/v2\/pages\/7487\/revisions\/7582"}],"wp:attachment":[{"href":"https:\/\/www.dr-seabert.de\/en\/wp-json\/wp\/v2\/media?parent=7487"}],"wp:term":[{"taxonomy":"category","embeddable":true,"href":"https:\/\/www.dr-seabert.de\/en\/wp-json\/wp\/v2\/categories?post=7487"},{"taxonomy":"post_tag","embeddable":true,"href":"https:\/\/www.dr-seabert.de\/en\/wp-json\/wp\/v2\/tags?post=7487"}],"curies":[{"name":"wp","href":"https:\/\/api.w.org\/{rel}","templated":true}]}}