{"id":2173,"date":"2018-11-23T19:34:00","date_gmt":"2018-11-23T19:34:00","guid":{"rendered":"https:\/\/dev.i24.cc\/seabert\/rezept\/"},"modified":"2025-04-09T09:57:48","modified_gmt":"2025-04-09T09:57:48","slug":"order-refill-prescription","status":"publish","type":"page","link":"https:\/\/www.dr-seabert.de\/en\/order-refill-prescription\/","title":{"rendered":"prescription"},"content":{"rendered":"\t\t<div data-elementor-type=\"wp-post\" data-elementor-id=\"2173\" class=\"elementor elementor-2173 elementor-136\">\n\t\t\t\t\t\t<section class=\"elementor-section elementor-top-section elementor-element elementor-element-7d22282 elementor-section-boxed elementor-section-height-default elementor-section-height-default\" data-id=\"7d22282\" data-element_type=\"section\" data-e-type=\"section\">\n\t\t\t\t\t\t<div class=\"elementor-container elementor-column-gap-default\">\n\t\t\t\t\t<div class=\"elementor-column elementor-col-100 elementor-top-column elementor-element elementor-element-20c35c2\" data-id=\"20c35c2\" data-element_type=\"column\" data-e-type=\"column\">\n\t\t\t<div class=\"elementor-widget-wrap elementor-element-populated\">\n\t\t\t\t\t\t<section class=\"elementor-section elementor-inner-section elementor-element elementor-element-931e177 elementor-section-boxed elementor-section-height-default elementor-section-height-default\" data-id=\"931e177\" data-element_type=\"section\" data-e-type=\"section\">\n\t\t\t\t\t\t<div class=\"elementor-container elementor-column-gap-default\">\n\t\t\t\t\t<div class=\"elementor-column elementor-col-100 elementor-inner-column elementor-element elementor-element-b4649a0\" data-id=\"b4649a0\" data-element_type=\"column\" data-e-type=\"column\">\n\t\t\t<div class=\"elementor-widget-wrap elementor-element-populated\">\n\t\t\t\t\t\t<div class=\"elementor-element elementor-element-c5ae824 elementor-widget elementor-widget-text-editor\" data-id=\"c5ae824\" data-element_type=\"widget\" data-e-type=\"widget\" data-widget_type=\"text-editor.default\">\n\t\t\t\t<div class=\"elementor-widget-container\">\n\t\t\t\t\t\t\t\t\t<h1>Rezept bestellen<\/h1>\n\t\t\t\t\t\t\t\t<\/div>\n\t\t\t\t<\/div>\n\t\t\t\t<div class=\"elementor-element elementor-element-c280297 elementor-widget elementor-widget-text-editor\" data-id=\"c280297\" data-element_type=\"widget\" data-e-type=\"widget\" data-widget_type=\"text-editor.default\">\n\t\t\t\t<div class=\"elementor-widget-container\">\n\t\t\t\t\t\t\t\t\t<p>Wenn Sie ein Patient meiner Praxis sind, k\u00f6nnen Sie hier online ein Wiederholungsrezept bestellen.<\/p>\n<p><strong>Aus Gr\u00fcnden des Datenschutzes k\u00f6nnen keine me\u00addi\u00adzi\u00adnischen Ausk\u00fcnfte via Internet oder E-Mail erteilt wer\u00adden. <\/strong>Ihr Rezept liegt<strong> werktags sp\u00e4testens 12 Stun\u00adden nach der Bestellung<\/strong> in der Praxis zur Abholung bereit.<\/p>\n\t\t\t\t\t\t\t\t<\/div>\n\t\t\t\t<\/div>\n\t\t\t\t\t<\/div>\n\t\t<\/div>\n\t\t\t\t\t<\/div>\n\t\t<\/section>\n\t\t\t\t<section class=\"elementor-section elementor-inner-section elementor-element elementor-element-2c6ca62 elementor-section-boxed elementor-section-height-default elementor-section-height-default\" data-id=\"2c6ca62\" data-element_type=\"section\" data-e-type=\"section\">\n\t\t\t\t\t\t<div class=\"elementor-container elementor-column-gap-default\">\n\t\t\t\t\t<div class=\"elementor-column elementor-col-100 elementor-inner-column elementor-element elementor-element-cf031ad\" data-id=\"cf031ad\" data-element_type=\"column\" data-e-type=\"column\">\n\t\t\t<div class=\"elementor-widget-wrap elementor-element-populated\">\n\t\t\t\t\t\t<div class=\"elementor-element elementor-element-13114fb elementor-widget__width-inherit elementor-widget elementor-widget-text-editor\" data-id=\"13114fb\" data-element_type=\"widget\" data-e-type=\"widget\" data-widget_type=\"text-editor.default\">\n\t\t\t\t<div class=\"elementor-widget-container\">\n\t\t\t\t\t\t\t\t\t<p>\n<div class=\"wpcf7 no-js\" id=\"wpcf7-f1198-o1\" lang=\"de-DE\" dir=\"ltr\" data-wpcf7-id=\"1198\">\n<div class=\"screen-reader-response\"><p role=\"status\" aria-live=\"polite\" aria-atomic=\"true\"><\/p> <ul><\/ul><\/div>\n<form action=\"\/en\/wp-json\/wp\/v2\/pages\/2173#wpcf7-f1198-o1\" method=\"post\" class=\"wpcf7-form init\" aria-label=\"Kontaktformular\" novalidate=\"novalidate\" data-status=\"init\">\n<fieldset class=\"hidden-fields-container\"><input type=\"hidden\" name=\"_wpcf7\" value=\"1198\" \/><input type=\"hidden\" name=\"_wpcf7_version\" value=\"6.1.5\" \/><input type=\"hidden\" name=\"_wpcf7_locale\" value=\"de_DE\" \/><input type=\"hidden\" name=\"_wpcf7_unit_tag\" value=\"wpcf7-f1198-o1\" \/><input type=\"hidden\" name=\"_wpcf7_container_post\" value=\"0\" \/><input type=\"hidden\" name=\"_wpcf7_posted_data_hash\" value=\"\" \/>\n<\/fieldset>\n<p style=\"\"><span class=\"wpcf7-form-control-wrap\" data-name=\"your-name\"><input size=\"40\" maxlength=\"400\" class=\"wpcf7-form-control wpcf7-text wpcf7-validates-as-required\" aria-required=\"true\" aria-invalid=\"false\" placeholder=\"Ihr Name, Vorname*\" value=\"\" type=\"text\" name=\"your-name\" \/><\/span>\n<\/p>\n<p><span id=\"wpcf7-69e073aa351a4-wrapper\" class=\"wpcf7-form-control-wrap honeypot-807-wrap\" style=\"display:none !important; visibility:hidden !important;\"><label for=\"wpcf7-69e073aa351a4-field\" class=\"hp-message\">Bitte lasse dieses Feld leer.<\/label><input id=\"wpcf7-69e073aa351a4-field\"  class=\"wpcf7-form-control wpcf7-text\" type=\"text\" name=\"honeypot-807\" value=\"\" size=\"40\" tabindex=\"-1\" autocomplete=\"new-password\" \/><\/span>\n<\/p>\n<p style=\"\"><span class=\"wpcf7-form-control-wrap\" data-name=\"your-phone\"><input size=\"40\" maxlength=\"400\" class=\"wpcf7-form-control wpcf7-text\" aria-invalid=\"false\" placeholder=\"Ihre Telefonnummer\" value=\"\" type=\"text\" name=\"your-phone\" \/><\/span>\n<\/p>\n<p style=\"\"><span class=\"wpcf7-form-control-wrap\" data-name=\"your-email\"><input size=\"40\" maxlength=\"400\" class=\"wpcf7-form-control wpcf7-email wpcf7-validates-as-required wpcf7-text wpcf7-validates-as-email\" aria-required=\"true\" aria-invalid=\"false\" placeholder=\"Ihre E-Mail-Adresse\" value=\"\" type=\"email\" name=\"your-email\" \/><\/span>\n<\/p>\n<p style=\"\"><span class=\"wpcf7-form-control-wrap\" data-name=\"your-birthdate\"><input size=\"40\" maxlength=\"400\" class=\"wpcf7-form-control wpcf7-text wpcf7-validates-as-required\" aria-required=\"true\" aria-invalid=\"false\" placeholder=\"Geburtsdatum* (tt.mm.jjjj)\" value=\"\" type=\"text\" name=\"your-birthdate\" \/><\/span>\n<\/p>\n<p id=\"medicine\" style=\"padding-right: 1em;\"><span class=\"wpcf7-form-control-wrap\" data-name=\"your-medicine-1\"><input size=\"40\" maxlength=\"400\" class=\"wpcf7-form-control wpcf7-text wpcf7-validates-as-required\" aria-required=\"true\" aria-invalid=\"false\" placeholder=\"Medikament 1*\" value=\"\" type=\"text\" name=\"your-medicine-1\" \/><\/span><span class=\"wpcf7-form-control-wrap\" data-name=\"your-packing-size-1\"><input size=\"40\" maxlength=\"400\" class=\"wpcf7-form-control wpcf7-text wpcf7-validates-as-required\" aria-required=\"true\" aria-invalid=\"false\" placeholder=\"Verpackungsgr\u00f6\u00dfe*\" value=\"\" type=\"text\" name=\"your-packing-size-1\" \/><\/span>\n<\/p>\n<p id=\"medicine\" style=\"padding-right: 1em;\"><span class=\"wpcf7-form-control-wrap\" data-name=\"your-medicine-2\"><input size=\"40\" maxlength=\"400\" class=\"wpcf7-form-control wpcf7-text\" aria-invalid=\"false\" placeholder=\"Medikament 2\" value=\"\" type=\"text\" name=\"your-medicine-2\" \/><\/span><span class=\"wpcf7-form-control-wrap\" data-name=\"your-packing-size-2\"><input size=\"40\" maxlength=\"400\" class=\"wpcf7-form-control wpcf7-text\" aria-invalid=\"false\" placeholder=\"Verpackungsgr\u00f6\u00dfe\" value=\"\" type=\"text\" name=\"your-packing-size-2\" \/><\/span>\n<\/p>\n<p style=\"font-size: 0.70em; line-height: 0.95em; margin-top: -0.8em\"><span style=\"margin-left: 0.75em; padding-bottom: 0.5em;\"><em>* Pflichtfelder<\/em><\/span>\n<\/p>\n<p style=\"font-size: 0.70em; padding-bottom: 1.5em; line-height: 1.25em; margin-top: -0.8em;\"><br \/>\nDie bei Ihrer Bestellung \u00fcbermittelten personenbezogenen Daten werden verarbeitet, wie in unserer <a href=\"https:\/\/www.dr-seabert.de\/datenschutzerklaerung\/\">Datenschutzerkl\u00e4rung<\/a> beschrieben.\n<\/p>\n<p style=\"font-size: 0.70em; padding-bottom: 1.5em; line-height: 1,25em; margin-top: -0.8em\"><span class=\"wpcf7-form-control-wrap wpgdprc\"><span class=\"wpcf7-form-control wpcf7-wpgdprc wpcf7-validates-as-required\"><span class=\"wpcf7-list-item\"><input type=\"checkbox\" name=\"wpgdprc\" value=\"1\" aria-required=\"true\" aria-invalid=\"false\" \/><span class=\"wpcf7-list-item-label\">Dieser Verarbeitung meiner personenbezogenen Daten stimme ich zu.<\/span><\/span><\/span>    <\/span>\n<\/p>\n<p><input class=\"wpcf7-form-control wpcf7-submit has-spinner\" type=\"submit\" value=\"Senden\" \/>\n<\/p><p style=\"display: none !important;\" class=\"akismet-fields-container\" data-prefix=\"_wpcf7_ak_\"><label>&#916;<textarea name=\"_wpcf7_ak_hp_textarea\" cols=\"45\" rows=\"8\" maxlength=\"100\"><\/textarea><\/label><input type=\"hidden\" id=\"ak_js_1\" name=\"_wpcf7_ak_js\" value=\"36\"\/><script>document.getElementById( \"ak_js_1\" ).setAttribute( \"value\", ( new Date() ).getTime() );<\/script><\/p><div class=\"wpcf7-response-output\" aria-hidden=\"true\"><\/div>\n<\/form>\n<\/div>\n<\/p>\t\t\t\t\t\t\t\t<\/div>\n\t\t\t\t<\/div>\n\t\t\t\t\t<\/div>\n\t\t<\/div>\n\t\t\t\t\t<\/div>\n\t\t<\/section>\n\t\t\t\t\t<\/div>\n\t\t<\/div>\n\t\t\t\t\t<\/div>\n\t\t<\/section>\n\t\t\t\t<section class=\"elementor-section elementor-top-section elementor-element elementor-element-4cac99c elementor-section-boxed elementor-section-height-default elementor-section-height-default\" data-id=\"4cac99c\" data-element_type=\"section\" data-e-type=\"section\">\n\t\t\t\t\t\t<div class=\"elementor-container elementor-column-gap-default\">\n\t\t\t\t\t<div class=\"elementor-column elementor-col-100 elementor-top-column elementor-element elementor-element-0cca13b\" data-id=\"0cca13b\" data-element_type=\"column\" data-e-type=\"column\">\n\t\t\t<div class=\"elementor-widget-wrap elementor-element-populated\">\n\t\t\t\t\t\t<div class=\"elementor-element elementor-element-b3b0e42 elementor-widget elementor-widget-text-editor\" data-id=\"b3b0e42\" data-element_type=\"widget\" data-e-type=\"widget\" data-widget_type=\"text-editor.default\">\n\t\t\t\t<div class=\"elementor-widget-container\">\n\t\t\t\t\t\t\t\t\t<hr \/><p><strong><br \/>Wichtiger Hinweis:<\/strong><\/p><p>Bitte beachten Sie, dass eine erstmalige Verordnung eines Medikamentes die vorherige Konsultation in der Praxis bedeutet. Vereinbaren Sie dazu bitte telefonisch ei\u00adnen Termin.<\/p>\t\t\t\t\t\t\t\t<\/div>\n\t\t\t\t<\/div>\n\t\t\t\t\t<\/div>\n\t\t<\/div>\n\t\t\t\t\t<\/div>\n\t\t<\/section>\n\t\t\t\t<\/div>\n\t\t","protected":false},"excerpt":{"rendered":"<p>Rezept bestellen Wenn Sie ein Patient meiner Praxis sind, k\u00f6nnen Sie hier online ein Wiederholungsrezept bestellen. Aus Gr\u00fcnden des Datenschutzes k\u00f6nnen keine me\u00addi\u00adzi\u00adnischen Ausk\u00fcnfte via Internet oder E-Mail erteilt wer\u00adden. Ihr Rezept liegt werktags sp\u00e4testens 12 Stun\u00adden nach der Bestellung in der Praxis zur Abholung &#8230;<br \/><a class=\"read-more-link btn btn-outline-secondary\" href=\"https:\/\/www.dr-seabert.de\/en\/order-refill-prescription\/\">Read more<\/a><\/p>\n","protected":false},"author":1,"featured_media":0,"parent":0,"menu_order":3,"comment_status":"closed","ping_status":"closed","template":"","meta":{"footnotes":""},"class_list":["post-2173","page","type-page","status-publish","hentry"],"_links":{"self":[{"href":"https:\/\/www.dr-seabert.de\/en\/wp-json\/wp\/v2\/pages\/2173","targetHints":{"allow":["GET"]}}],"collection":[{"href":"https:\/\/www.dr-seabert.de\/en\/wp-json\/wp\/v2\/pages"}],"about":[{"href":"https:\/\/www.dr-seabert.de\/en\/wp-json\/wp\/v2\/types\/page"}],"author":[{"embeddable":true,"href":"https:\/\/www.dr-seabert.de\/en\/wp-json\/wp\/v2\/users\/1"}],"replies":[{"embeddable":true,"href":"https:\/\/www.dr-seabert.de\/en\/wp-json\/wp\/v2\/comments?post=2173"}],"version-history":[{"count":15,"href":"https:\/\/www.dr-seabert.de\/en\/wp-json\/wp\/v2\/pages\/2173\/revisions"}],"predecessor-version":[{"id":7433,"href":"https:\/\/www.dr-seabert.de\/en\/wp-json\/wp\/v2\/pages\/2173\/revisions\/7433"}],"wp:attachment":[{"href":"https:\/\/www.dr-seabert.de\/en\/wp-json\/wp\/v2\/media?parent=2173"}],"curies":[{"name":"wp","href":"https:\/\/api.w.org\/{rel}","templated":true}]}}