{"id":2149,"date":"2018-12-16T14:50:51","date_gmt":"2018-12-16T14:50:51","guid":{"rendered":"https:\/\/dev.i24.cc\/seabert\/impressum\/"},"modified":"2024-10-28T12:14:49","modified_gmt":"2024-10-28T12:14:49","slug":"imprint","status":"publish","type":"page","link":"https:\/\/www.dr-seabert.de\/en\/imprint\/","title":{"rendered":"Imprint"},"content":{"rendered":"<h1>Imprint<\/h1>\n<p><strong>JOHO MVZ Wiesbaden-City<\/strong><\/p>\n<p>An den Quellen 1<br \/>\n65183 Wiesbaden<\/p>\n<p>Tel.: +49(0)611 302832<br \/>\nE-Mail:\u00a0<a href=\"mailto:info@dr-seabert.de\">info@dr-seabert.de<\/a><\/p>\n<p><strong>JoHo MVZ GmbH<\/strong><\/p>\n<p>Beethovenstra\u00dfe 20<br \/>\n65189 Wiesbaden<\/p>\n<p>Tel.: +49 (0)611 1 77 0<br \/>\nFax: +49 (0)611 1 77 11 85<\/p>\n<p>Internet:\u00a0<a href=\"http:\/\/www.joho.de\/\">www.joho.de<\/a><br \/>\nE-Mail:\u00a0info(at)joho.de<\/p>\n<p>Gesch\u00e4ftsf\u00fchrer:<br \/>\nHerr Martin Bosch<br \/>\nHerr Thomas Reckmeyer<\/p>\n<p>Angestellte \u00c4rzte:<br \/>\n<a href=\"https:\/\/www.dr-seabert.de\/praxis\/praxisteam\/\" rel=\"\">Link zur Teamseite<\/a><\/p>\n<p>Amtsgericht Wiesbaden<br \/>\nHRB 24939<\/p>\n<p>USt.-ID DE267873790<\/p>\n<p><strong>Mitglied bei:<\/strong><br \/>\nKassen\u00e4rztliche Vereinigung Hessen<br \/>\n<a href=\"http:\/\/www.kvhessen.de\">www.kvhessen.de<\/a><\/p>\n<p><strong>Zust\u00e4ndige Aufsichtsbeh\u00f6rde:<\/strong><br \/>\nKassen\u00e4rztliche Vereinigung Hessen<br \/>\nBezirksstelle Wiesbaden<br \/>\nAbraham-Lincoln-Stra\u00dfe 36<br \/>\n65819 Wiesbaden<\/p>\n<p><strong>Zust\u00e4ndige Kammer:<\/strong><br \/>\nLandes\u00e4rztekammer Hessen (L\u00c4K)<br \/>\nIm Vogelsgesang 3<br \/>\n60488 Frankfurt\/Main<br \/>\n<a href=\"https:\/\/www.laekh.de\/\">www.laekh.de<\/a><\/p>\n<p><strong>Berufsrechtliche Regelung ist die Berufsordnung f\u00fcr \u00c4rztinnen und \u00c4rzte:<\/strong><strong><br \/>\n<\/strong>Die \u00c4rzte unterliegen der Berufsordnung der \u00c4rztekammer Landes\u00e4rztekammer Hessen:<strong><br \/>\n<\/strong><a href=\"https:\/\/www.laekh.de\/images\/Aerzte\/Rund_ums_Recht\/Rechtsquellen\/berufsordnung.pdf\">https:\/\/www.laekh.de\/images\/Aerzte\/Rund_ums_Recht\/Rechtsquellen\/berufsordnung.pdf<\/a><\/p>\n<p>Wichtiger Hinweis<\/p>\n<p>Die in den Webseiten enthaltenen Informationen, Erkl\u00e4rungen und Beschreibungen stellen in keiner Weise Ersatz f\u00fcr professionelle Beratungen oder Behandlungen durch ausgebildete und anerkannte \u00c4rzte dar und erheben keinen Anspruch auf Vollst\u00e4ndigkeit, sondern beziehen sich nur auf typische oder besonders herausgestellte Krankheitsbeschreibungen, Untersuchungs- und Behandlungsmethoden o.\u00e4.\u00a0Dieses gilt f\u00fcr alle Seiten.<\/p>\n<p>Der Inhalt dieser Seiten darf und kann nicht f\u00fcr die Erstellung eigenst\u00e4ndiger Diagnosen oder f\u00fcr die Auswahl und Anwendung von Behandlungsmethoden verwendet werden.<\/p>\n<p>Links zu anderen Websites<\/p>\n<p>Trotz sorgf\u00e4ltiger inhaltlicher Kontrolle \u00fcbernehmen wir keine Haftung f\u00fcr die Inhalte externer Links. F\u00fcr den Inhalt der verlinkten Seiten sind ausschlie\u00dflich deren Betreiber verantwortlich.<\/p>\n<p>Gesetzlicher Hinweis<\/p>\n<p>Alle Rechte vorbehalten. Texte, Bilder und Grafiken sowie deren Anordnung unterliegen dem Schutz des Urheberrechts und anderer Schutzgesetze. Der Inhalt dieser Websites darf nicht zu kommerziellen Zwecken kopiert, verbreitet, ver\u00e4ndert oder Dritten zug\u00e4nglich gemacht werden.<\/p>\n<p>Soweit nicht anders angegeben, sind alle Markenzeichen auf dieser Website markenrechtlich gesch\u00fctzt.<\/p>\n<p>Diese Website wurde mit gr\u00f6\u00dftm\u00f6glicher Sorgfalt zusammengestellt. Trotzdem kann f\u00fcr die Fehlerfreiheit und Genauigkeit der enthaltenen Informationen nicht garantiert werden. Es wird hiermit jegliche Haftung f\u00fcr Sch\u00e4den, die direkt oder indirekt aus der Benutzung dieser Website entstehen, ausgeschlossen, soweit diese nicht auf Vorsatz oder grober Fahrl\u00e4ssigkeit beruhen. Irrtum und \u00c4nderungen vorbehalten.<\/p>\n<p>Erreichbarkeit des Serviceangebots<\/p>\n<p>Es besteht kein Anspruch auf die permanente Erreichbarkeit der Webseiten. Die Verf\u00fcgbarkeit des Online-Angebots wird jedoch nach bestem Verm\u00f6gen gew\u00e4hrleistet. Dennoch kann es durch technische Schwierigkeiten, zu \u00dcbertragungsausf\u00e4llen oder der vor\u00fcbergehenden Einstellung des Serviceangebots oder einzelner Funktionen kommen. Nachrichten werden in der Regel umgehend versendet, Verz\u00f6gerungen bei der Versendung sind jedoch ebenfalls nicht auszuschlie\u00dfen. F\u00fcr den Empfang der Nachrichten wird nicht garantiert. Der Versand einer Nachricht erfolgt auf eigene Gefahr des Benutzers.<\/p>\n<p>\u00a9 \u00a9 2024 <strong>JoHo MVZ GmbH<\/strong><br \/>\nAlle Beitr\u00e4ge, Logos und Grafiken auf dieser Website sind urheberrechtlich gesch\u00fctzt.<\/p>\n<p><strong>Bildrechte:<\/strong><\/p>\n<p>\u00a9 Vitaly Raduntsev shutterstock_54900268<br \/>\n\u00a9 Gencho Petkov shutterstock_52307509<br \/>\n\u00a9 Atanas Bezov shutterstock_43528105<br \/>\n\u00a9 Anat-oli shutterstock_40524625<br \/>\n\u00a9 krme shutterstock_38335912<br \/>\n\u00a9 Piotr Marcinski shutterstock_31104253<br \/>\n\u00a9 Neo Edmund shutterstock_18846580<br \/>\n\u00a9 Dmitriy Shironosov shutterstock_17161291<br \/>\n\u00a9 Sebastian Kaulitzki shutterstock_13949536<br \/>\n\u00a9 Lusoimages shutterstock_13533604<br \/>\n\u00a9 Yuri Arcurs shutterstock_7287076<\/p>\n","protected":false},"excerpt":{"rendered":"<p>Imprint JOHO MVZ Wiesbaden-City An den Quellen 1 65183 Wiesbaden Tel.: +49(0)611 302832 E-Mail:\u00a0info@dr-seabert.de JoHo MVZ GmbH Beethovenstra\u00dfe 20 65189 Wiesbaden Tel.: +49 (0)611 1 77 0 Fax: +49 (0)611 1 77 11 85 Internet:\u00a0www.joho.de E-Mail:\u00a0info(at)joho.de Gesch\u00e4ftsf\u00fchrer: Herr Martin Bosch Herr Thomas Reckmeyer Angestellte \u00c4rzte: &#8230;<br \/><a class=\"read-more-link btn btn-outline-secondary\" href=\"https:\/\/www.dr-seabert.de\/en\/imprint\/\">Read more<\/a><\/p>\n","protected":false},"author":1,"featured_media":0,"parent":0,"menu_order":10,"comment_status":"closed","ping_status":"closed","template":"","meta":{"footnotes":""},"categories":[24,38,36],"tags":[],"class_list":["post-2149","page","type-page","status-publish","hentry","category-general","category-imprint","category-legal"],"_links":{"self":[{"href":"https:\/\/www.dr-seabert.de\/en\/wp-json\/wp\/v2\/pages\/2149","targetHints":{"allow":["GET"]}}],"collection":[{"href":"https:\/\/www.dr-seabert.de\/en\/wp-json\/wp\/v2\/pages"}],"about":[{"href":"https:\/\/www.dr-seabert.de\/en\/wp-json\/wp\/v2\/types\/page"}],"author":[{"embeddable":true,"href":"https:\/\/www.dr-seabert.de\/en\/wp-json\/wp\/v2\/users\/1"}],"replies":[{"embeddable":true,"href":"https:\/\/www.dr-seabert.de\/en\/wp-json\/wp\/v2\/comments?post=2149"}],"version-history":[{"count":12,"href":"https:\/\/www.dr-seabert.de\/en\/wp-json\/wp\/v2\/pages\/2149\/revisions"}],"predecessor-version":[{"id":7386,"href":"https:\/\/www.dr-seabert.de\/en\/wp-json\/wp\/v2\/pages\/2149\/revisions\/7386"}],"wp:attachment":[{"href":"https:\/\/www.dr-seabert.de\/en\/wp-json\/wp\/v2\/media?parent=2149"}],"wp:term":[{"taxonomy":"category","embeddable":true,"href":"https:\/\/www.dr-seabert.de\/en\/wp-json\/wp\/v2\/categories?post=2149"},{"taxonomy":"post_tag","embeddable":true,"href":"https:\/\/www.dr-seabert.de\/en\/wp-json\/wp\/v2\/tags?post=2149"}],"curies":[{"name":"wp","href":"https:\/\/api.w.org\/{rel}","templated":true}]}}